{"id":3390,"date":"2024-06-17T12:24:37","date_gmt":"2024-06-17T02:24:37","guid":{"rendered":"https:\/\/cubikootravel.com\/?page_id=3390"},"modified":"2026-03-17T09:59:03","modified_gmt":"2026-03-16T22:59:03","slug":"privacy-policy","status":"publish","type":"page","link":"https:\/\/cubikootravel.com\/es\/privacy-policy\/","title":{"rendered":"Pol\u00edtica de Privacidad"},"content":{"rendered":"<div data-elementor-type=\"wp-page\" data-elementor-id=\"3390\" class=\"elementor elementor-3390\" data-elementor-post-type=\"page\">\n\t\t\t\t\t\t<section class=\"elementor-section elementor-top-section elementor-element elementor-element-a20771e elementor-section-boxed elementor-section-height-default elementor-section-height-default\" data-id=\"a20771e\" data-element_type=\"section\">\n\t\t\t\t\t\t<div class=\"elementor-container elementor-column-gap-default\">\n\t\t\t\t\t<div class=\"elementor-column elementor-col-33 elementor-top-column elementor-element elementor-element-48ff656\" data-id=\"48ff656\" data-element_type=\"column\">\n\t\t\t<div class=\"elementor-widget-wrap\">\n\t\t\t\t\t\t\t<\/div>\n\t\t<\/div>\n\t\t\t\t<div class=\"elementor-column elementor-col-33 elementor-top-column elementor-element elementor-element-9ce352d\" data-id=\"9ce352d\" data-element_type=\"column\">\n\t\t\t<div class=\"elementor-widget-wrap elementor-element-populated\">\n\t\t\t\t\t\t<div class=\"elementor-element elementor-element-c897ccf elementor-widget elementor-widget-text-editor\" data-id=\"c897ccf\" data-element_type=\"widget\" data-widget_type=\"text-editor.default\">\n\t\t\t\t\t\t\t\t\t<h1><strong>Pol\u00edtica de Privacidad<\/strong><\/h1><div>\u00a0<\/div><div>Esta Pol\u00edtica de Privacidad describe c\u00f3mo Cubikoo Travel (\"nosotros\" o \"nuestro\") recopila, utiliza y divulga su informaci\u00f3n personal cuando utiliza nuestro sitio web (cubikootravel.com) y los servicios que ofrecemos (los \"Servicios\").<\/div><div>\u00a0<\/div><h2><strong>1. Informaci\u00f3n que Recopilamos<\/strong><\/h2><div>Recopilamos varios tipos de informaci\u00f3n de y sobre los usuarios de nuestro Sitio Web y Servicios:<\/div><div>\u00a0<\/div><ul><li>Informaci\u00f3n Personal: Esto incluye informaci\u00f3n que puede usarse para identificarlo, como su nombre, direcci\u00f3n de correo electr\u00f3nico, n\u00famero de tel\u00e9fono, informaci\u00f3n del pasaporte y detalles de facturaci\u00f3n.<\/li><li>Informaci\u00f3n de Viaje: Recopilamos informaci\u00f3n sobre sus planes y preferencias de viaje, como su destino, las fechas deseadas de viaje y las opciones de alojamiento.<\/li><li>Datos de Uso: Recopilamos informaci\u00f3n sobre c\u00f3mo usa nuestro Sitio Web y Servicios, como las p\u00e1ginas que visita, los enlaces en los que hace clic y las b\u00fasquedas que realiza.<\/li><\/ul><div>\u00a0<\/div><div>Esta informaci\u00f3n generalmente se recopila cuando solicita una cotizaci\u00f3n, reserva un viaje o se suscribe a nuestro bolet\u00edn.<\/div><div>\u00a0<\/div><h2><strong>2. Uso de su Informaci\u00f3n<\/strong><\/h2><div>Utilizamos su informaci\u00f3n personal para proporcionar y mejorar nuestros Servicios, incluyendo:<\/div><div>\u00a0<\/div><ul><li>Procesar sus reservas y reservaciones de viaje.<\/li><li>Enviarle correos electr\u00f3nicos de confirmaci\u00f3n y documentos de viaje.<\/li><li>Brindarle soporte al cliente.<\/li><li>Enviarle comunicaciones de marketing y promocionales (con su consentimiento).<\/li><\/ul><h2><strong>3. Divulgaci\u00f3n de su Informaci\u00f3n<\/strong><\/h2><div>Podemos divulgar su informaci\u00f3n personal a proveedores de terceros que prestan servicios en nuestro nombre, como sistemas de reservas y procesadores de pagos. Solo divulgaremos su informaci\u00f3n a estos proveedores en la medida necesaria para que puedan proporcionar sus servicios.<\/div><div>\u00a0<\/div><div>Sin su consentimiento, no divulgaremos su informaci\u00f3n personal a ning\u00fan tercero con fines de marketing.<\/div><div>\u00a0<\/div><h2><strong>4. Seguridad de los Datos<\/strong><\/h2><div>Tomamos medidas razonables para proteger su informaci\u00f3n personal contra accesos no autorizados, divulgaci\u00f3n, alteraci\u00f3n o destrucci\u00f3n. Sin embargo, ninguna transmisi\u00f3n por Internet o sistema de almacenamiento electr\u00f3nico es completamente seguro.<\/div><div>\u00a0<\/div><h2><strong>5. Sus Derechos<\/strong><\/h2><div>Usted tiene ciertos derechos respecto a su informaci\u00f3n personal, incluyendo el derecho a:<\/div><div>\u00a0<\/div><ul><li>Acceder a su informaci\u00f3n personal.<\/li><li>Rectificar informaci\u00f3n personal inexacta.<\/li><li>Solicitar la eliminaci\u00f3n de su informaci\u00f3n personal.<\/li><li>Objetar el procesamiento de su informaci\u00f3n personal.<\/li><\/ul><h2><strong>6. Cambios a esta Pol\u00edtica de Privacidad<\/strong><\/h2><div>Podemos actualizar esta Pol\u00edtica de Privacidad ocasionalmente. Le notificaremos cualquier cambio publicando la nueva Pol\u00edtica de Privacidad en nuestro Sitio Web.<\/div><div>\u00a0<\/div><h2><strong>7. Cont\u00e1ctenos<\/strong><\/h2><div>Si tiene alguna pregunta sobre esta Pol\u00edtica de Privacidad, cont\u00e1ctenos en hello@cubikootravel.com<\/div><div>\u00a0<\/div><div>Esta Pol\u00edtica de Privacidad cumple con el Reglamento General de Protecci\u00f3n de Datos (GDPR) de la Uni\u00f3n Europea, la ley de cumplimiento CCPA de California, los Principios de Privacidad Australiana (APPs) y las leyes locales de protecci\u00f3n de datos en otros pa\u00edses como la ley 1281 de 2012 en Colombia.<\/div><div>\u00a0<\/div><div>\u00daltima actualizaci\u00f3n 1 de Junio de 2024.<\/div><div>POR CUBIKOO TRAVEL<\/div><div>\u00a0<\/div>\t\t\t\t\t\t\t\t<\/div>\n\t\t\t\t\t<\/div>\n\t\t<\/div>\n\t\t\t\t<div class=\"elementor-column elementor-col-33 elementor-top-column elementor-element elementor-element-4c81fc8\" data-id=\"4c81fc8\" data-element_type=\"column\">\n\t\t\t<div class=\"elementor-widget-wrap\">\n\t\t\t\t\t\t\t<\/div>\n\t\t<\/div>\n\t\t\t\t\t<\/div>\n\t\t<\/section>\n\t\t\t\t<section class=\"elementor-section elementor-top-section elementor-element elementor-element-d737562 elementor-section-boxed elementor-section-height-default elementor-section-height-default\" data-id=\"d737562\" data-element_type=\"section\" data-settings=\"{&quot;background_background&quot;:&quot;classic&quot;}\">\n\t\t\t\t\t\t<div class=\"elementor-container elementor-column-gap-default\">\n\t\t\t\t\t<div class=\"elementor-column elementor-col-20 elementor-top-column elementor-element elementor-element-76cdf8e\" data-id=\"76cdf8e\" data-element_type=\"column\">\n\t\t\t<div class=\"elementor-widget-wrap\">\n\t\t\t\t\t\t\t<\/div>\n\t\t<\/div>\n\t\t\t\t<div class=\"elementor-column elementor-col-20 elementor-top-column elementor-element elementor-element-143dbb6\" data-id=\"143dbb6\" data-element_type=\"column\">\n\t\t\t<div class=\"elementor-widget-wrap elementor-element-populated\">\n\t\t\t\t\t\t<div class=\"elementor-element elementor-element-1241e2e elementor-widget elementor-widget-image\" data-id=\"1241e2e\" data-element_type=\"widget\" data-widget_type=\"image.default\">\n\t\t\t\t\t\t\t\t\t\t\t\t\t\t\t<img loading=\"lazy\" decoding=\"async\" width=\"80\" height=\"80\" src=\"https:\/\/cubikootravel.com\/wp-content\/uploads\/2025\/10\/icon-mobile.png\" class=\"attachment-large size-large wp-image-4625\" alt=\"\" srcset=\"https:\/\/cubikootravel.com\/wp-content\/uploads\/2025\/10\/icon-mobile.png 80w, https:\/\/cubikootravel.com\/wp-content\/uploads\/2025\/10\/icon-mobile-12x12.png 12w\" sizes=\"auto, (max-width: 80px) 100vw, 80px\" \/>\t\t\t\t\t\t\t\t\t\t\t\t\t\t\t<\/div>\n\t\t\t\t\t<\/div>\n\t\t<\/div>\n\t\t\t\t<div class=\"elementor-column elementor-col-20 elementor-top-column elementor-element elementor-element-d3409fa\" data-id=\"d3409fa\" data-element_type=\"column\">\n\t\t\t<div class=\"elementor-widget-wrap elementor-element-populated\">\n\t\t\t\t\t\t<div class=\"elementor-element elementor-element-a939a4d elementor-widget elementor-widget-text-editor\" data-id=\"a939a4d\" data-element_type=\"widget\" data-widget_type=\"text-editor.default\">\n\t\t\t\t\t\t\t\t\t<p>Australia: +61 434 634 172<br \/>Colombia: +57 300 7084545<\/p>\t\t\t\t\t\t\t\t<\/div>\n\t\t\t\t<div class=\"elementor-element elementor-element-832615f elementor-shape-circle e-grid-align-left elementor-grid-0 elementor-widget elementor-widget-social-icons\" data-id=\"832615f\" data-element_type=\"widget\" data-widget_type=\"social-icons.default\">\n\t\t\t\t\t\t\t<div class=\"elementor-social-icons-wrapper elementor-grid\" role=\"list\">\n\t\t\t\t\t\t\t<span class=\"elementor-grid-item\" role=\"listitem\">\n\t\t\t\t\t<a class=\"elementor-icon elementor-social-icon elementor-social-icon-WhatsApp elementor-repeater-item-0869b4b\" href=\"https:\/\/wa.me\/61434634172\" target=\"_blank\">\n\t\t\t\t\t\t<span class=\"elementor-screen-only\">WhatsApp<\/span>\n\t\t\t\t\t\t<svg xmlns:xodm=\"http:\/\/www.corel.com\/coreldraw\/odm\/2003\" xmlns=\"http:\/\/www.w3.org\/2000\/svg\" xmlns:xlink=\"http:\/\/www.w3.org\/1999\/xlink\" id=\"Capa_1\" x=\"0px\" y=\"0px\" viewbox=\"0 0 920 920\" style=\"enable-background:new 0 0 920 920;\" xml:space=\"preserve\"><style type=\"text\/css\">\t.st0{fill-rule:evenodd;clip-rule:evenodd;fill:#FFFFFF;}<\/style><g>\t<path class=\"st0\" d=\"M484.5,224.4c-113.6,0-207.3,86.3-218,196.3c-0.7,7-1.1,14-1.1,21.1c0,47.6,15.5,91.6,41.7,127.5l-27.3,80.8   l84.2-26.8c34.7,22.8,76,36,120.5,36c120.8,0,219.1-97.5,219.1-217.4c0-5.7-0.2-11.3-0.7-17C694.2,312.8,599.6,224.4,484.5,224.4z    M631.1,559.6c-6.3,18.2-37.6,35.6-51.6,36.8c-14,1.3-14,11.6-92-19.2c-77.8-31.1-127-111.9-130.8-116.9   c-2.9-3.9-19.6-26.4-27.4-53.6c-2.3-8.5-4-17.4-4-26.4c0-38.1,19.7-56.9,26.8-64.7c7-7.7,15.4-9.7,20.5-9.7c4,0,8,0.4,11.6,0.6   c2-0.5,3.8-0.6,5.3-0.6c4.8,0,9.6,0.7,13.7,0.7c4.2,0,10.3-2.5,16.2,11.8c6,14.2,20.4,49.3,22.2,52.8c1.8,3.6,3,7.7,0.5,12.5   c-1.6,3.4-2.9,5.9-4.5,8.5c-0.8,1.1-1.6,2.2-2.6,3.4c-3.7,4.1-7.5,9.2-10.8,12.5c-3.6,3.6-7.3,7.4-3.1,14.5   c4.1,7.1,18.6,30.4,39.8,49.2c27.4,24.4,50.5,31.8,57.6,35.3c7.3,3.6,11.4,3,15.6-1.8c4.1-4.7,17.9-20.7,22.7-27.8   c4.8-7.1,9.6-6,16.2-3.6c6.6,2.3,41.8,19.6,49,23.1c7.1,3.6,11.9,5.3,13.7,8.2c1.2,2,1.6,8.7,0,17.8   C637.5,526.7,637.4,541.9,631.1,559.6z\"><\/path>\t<path class=\"st0\" d=\"M460,10C211.5,10,10,211.5,10,460s201.5,450,450,450s450-201.5,450-450S708.5,10,460,10z M487.9,728.7   c-51.2,0-99.4-13.1-141.3-36.1l-162,51.5l52.7-155.7c-26.6-43.8-41.9-95-41.9-149.9c0-4.2,0.1-8.5,0.3-12.7   c6.8-154.4,135-277.5,292.2-277.5c159.1,0,288.3,126,292.3,282.9c0.1,2.5,0.1,4.9,0.1,7.4C780.4,598.8,649.5,728.7,487.9,728.7z\"><\/path><\/g><\/svg>\t\t\t\t\t<\/a>\n\t\t\t\t<\/span>\n\t\t\t\t\t\t\t<span class=\"elementor-grid-item\" role=\"listitem\">\n\t\t\t\t\t<a class=\"elementor-icon elementor-social-icon elementor-social-icon-Instagram elementor-repeater-item-f98594f\" href=\"https:\/\/www.instagram.com\/cubikoo.travel\" target=\"_blank\">\n\t\t\t\t\t\t<span class=\"elementor-screen-only\">Instagram<\/span>\n\t\t\t\t\t\t<svg xmlns:xodm=\"http:\/\/www.corel.com\/coreldraw\/odm\/2003\" xmlns=\"http:\/\/www.w3.org\/2000\/svg\" xmlns:xlink=\"http:\/\/www.w3.org\/1999\/xlink\" id=\"Capa_1\" x=\"0px\" y=\"0px\" viewbox=\"0 0 920 920\" style=\"enable-background:new 0 0 920 920;\" xml:space=\"preserve\"><style type=\"text\/css\">\t.st0{fill:#FFFFFF;}<\/style><g>\t<path class=\"st0\" d=\"M670.7,300.6c-4.9-12.6-10.8-21.6-20.2-31.1c-9.5-9.5-18.5-15.3-31.1-20.2c-9.5-3.7-23.8-8.1-50.2-9.3   c-28.5-1.3-37.1-1.6-109.2-1.6c-72.2,0-80.7,0.3-109.2,1.6c-26.4,1.2-40.7,5.6-50.2,9.3c-12.6,4.9-21.6,10.8-31.1,20.2   c-9.5,9.5-15.3,18.5-20.2,31.1c-3.7,9.5-8.1,23.8-9.3,50.2c-1.3,28.5-1.6,37-1.6,109.2c0,72.2,0.3,80.7,1.6,109.2   c1.2,26.4,5.6,40.7,9.3,50.2c4.9,12.6,10.8,21.6,20.2,31.1c9.5,9.5,18.5,15.3,31.1,20.2c9.5,3.7,23.8,8.1,50.2,9.3   c28.5,1.3,37,1.6,109.2,1.6c72.2,0,80.7-0.3,109.2-1.6c26.3-1.2,40.7-5.6,50.2-9.3c12.6-4.9,21.6-10.8,31.1-20.2   c9.5-9.5,15.3-18.5,20.2-31.1c3.7-9.5,8.1-23.8,9.3-50.2c1.3-28.5,1.6-37.1,1.6-109.2c0-72.2-0.3-80.7-1.6-109.2   C678.8,324.4,674.4,310.1,670.7,300.6z M446.5,634.4c-79.2,0-143.4-64.2-143.4-143.4c0-79.2,64.2-143.4,143.4-143.4   c79.2,0,143.4,64.2,143.4,143.4C589.9,570.2,525.7,634.4,446.5,634.4z M589.2,359.2c-24.2,0-43.9-19.7-43.9-43.9   c0-24.2,19.6-43.9,43.9-43.9c24.2,0,43.9,19.6,43.9,43.9C633,339.5,613.4,359.2,589.2,359.2z\"><\/path>\t<path class=\"st0\" d=\"M460,10C211.5,10,10,211.5,10,460s201.5,450,450,450s450-201.5,450-450S708.5,10,460,10z M761.7,585.2   c-1.5,32.3-6.6,54.4-14.1,73.7c-7.8,20-18.1,36.9-35,53.8c-16.9,16.9-33.8,27.3-53.8,35c-19.3,7.5-41.4,12.6-73.7,14.1   c-32.4,1.5-42.7,1.8-125.2,1.8c-82.4,0-92.8-0.4-125.2-1.8c-32.3-1.5-54.4-6.6-73.7-14.1c-20-7.8-36.9-18.1-53.8-35   c-16.9-16.9-27.3-33.8-35-53.8c-7.5-19.3-12.6-41.4-14.1-73.7c-1.5-32.4-1.8-42.7-1.8-125.2c0-82.4,0.4-92.8,1.8-125.2   c1.5-32.3,6.6-54.4,14.1-73.7c7.7-20,18.1-36.9,35-53.8c16.9-16.9,33.8-27.3,53.8-35c19.3-7.5,41.4-12.6,73.7-14.1   c32.4-1.5,42.7-1.8,125.2-1.8c82.5,0,92.8,0.3,125.2,1.8c32.3,1.5,54.4,6.6,73.7,14.1c20,7.8,36.9,18.1,53.8,35   c16.9,16.9,27.2,33.8,35,53.8c7.5,19.3,12.6,41.4,14.1,73.7c1.5,32.4,1.8,42.7,1.8,125.2C763.6,542.4,763.2,552.8,761.7,585.2z\"><\/path>\t<path class=\"st0\" d=\"M446.5,415.9c-41.5,0-75.1,33.6-75.1,75.1c0,41.5,33.6,75.1,75.1,75.1c41.5,0,75.1-33.6,75.1-75.1   C521.6,449.6,488,415.9,446.5,415.9z\"><\/path><\/g><\/svg>\t\t\t\t\t<\/a>\n\t\t\t\t<\/span>\n\t\t\t\t\t\t\t<span class=\"elementor-grid-item\" role=\"listitem\">\n\t\t\t\t\t<a class=\"elementor-icon elementor-social-icon elementor-social-icon-facebook elementor-repeater-item-edecefc\" href=\"https:\/\/www.facebook.com\/profile.php?id=100093379083429&#038;mibextid=ZbWKwL\" target=\"_blank\">\n\t\t\t\t\t\t<span class=\"elementor-screen-only\">https:\/\/www.facebook.com\/profile.php?id=100093379083429&amp;mibextid=ZbWKwL<\/span>\n\t\t\t\t\t\t<i aria-hidden=\"true\" class=\"fab fa-facebook\"><\/i>\t\t\t\t\t<\/a>\n\t\t\t\t<\/span>\n\t\t\t\t\t\t\t<span class=\"elementor-grid-item\" role=\"listitem\">\n\t\t\t\t\t<a class=\"elementor-icon elementor-social-icon elementor-social-icon-facebook-messenger elementor-repeater-item-fdf7f57\" href=\"https:\/\/m.me\/101218969667450\" target=\"_blank\">\n\t\t\t\t\t\t<span class=\"elementor-screen-only\">https:\/\/m.me\/101218969667450<\/span>\n\t\t\t\t\t\t<i aria-hidden=\"true\" class=\"fab fa-facebook-messenger\"><\/i>\t\t\t\t\t<\/a>\n\t\t\t\t<\/span>\n\t\t\t\t\t<\/div>\n\t\t\t\t\t\t<\/div>\n\t\t\t\t\t<\/div>\n\t\t<\/div>\n\t\t\t\t<div class=\"elementor-column elementor-col-20 elementor-top-column elementor-element elementor-element-ab6e3a0\" data-id=\"ab6e3a0\" data-element_type=\"column\">\n\t\t\t<div class=\"elementor-widget-wrap elementor-element-populated\">\n\t\t\t\t\t\t<div class=\"elementor-element elementor-element-68148b9 elementor-widget elementor-widget-text-editor\" data-id=\"68148b9\" data-element_type=\"widget\" data-widget_type=\"text-editor.default\">\n\t\t\t\t\t\t\t\t\t<p><a href=\"https:\/\/cubikootravel.com\/es\/#blog\">Blog<\/a><br \/><a href=\"https:\/\/cubikootravel.com\/es\/#services\">Servicios<\/a><br \/><a href=\"https:\/\/cubikootravel.com\/es\/get-in-touch\/\" target=\"_blank\" rel=\"noopener\">Cont\u00e1ctanos<\/a><\/p>\t\t\t\t\t\t\t\t<\/div>\n\t\t\t\t\t<\/div>\n\t\t<\/div>\n\t\t\t\t<div class=\"elementor-column elementor-col-20 elementor-top-column elementor-element elementor-element-46c3290\" data-id=\"46c3290\" data-element_type=\"column\">\n\t\t\t<div class=\"elementor-widget-wrap elementor-element-populated\">\n\t\t\t\t\t\t<div class=\"elementor-element elementor-element-eebfa98 elementor-widget elementor-widget-text-editor\" data-id=\"eebfa98\" data-element_type=\"widget\" data-widget_type=\"text-editor.default\">\n\t\t\t\t\t\t\t\t\t<p><a href=\"https:\/\/cubikootravel.com\/es\/privacy-policy\/\" target=\"_blank\" rel=\"noopener\">Pol\u00edtica de Privacidad<\/a><br \/><a href=\"https:\/\/cubikootravel.com\/es\/terms-conditions\/\" target=\"_blank\" rel=\"noopener\">T\u00e9rminos y Condiciones<\/a><br \/><a href=\"https:\/\/cubikootravel.com\/es\/child-protection-policy\/\" target=\"_blank\" rel=\"noopener\">Prevenci\u00f3n ESCNNA<\/a><\/p>\t\t\t\t\t\t\t\t<\/div>\n\t\t\t\t\t<\/div>\n\t\t<\/div>\n\t\t\t\t\t<\/div>\n\t\t<\/section>\n\t\t\t\t<section class=\"elementor-section elementor-top-section elementor-element elementor-element-696be98 elementor-section-boxed elementor-section-height-default elementor-section-height-default\" data-id=\"696be98\" data-element_type=\"section\" data-settings=\"{&quot;background_background&quot;:&quot;classic&quot;}\">\n\t\t\t\t\t\t<div class=\"elementor-container elementor-column-gap-default\">\n\t\t\t\t\t<div class=\"elementor-column elementor-col-100 elementor-top-column elementor-element elementor-element-0eeb713\" data-id=\"0eeb713\" data-element_type=\"column\">\n\t\t\t<div class=\"elementor-widget-wrap elementor-element-populated\">\n\t\t\t\t\t\t<div class=\"elementor-element elementor-element-5de2507 elementor-widget__width-initial elementor-widget elementor-widget-text-editor\" data-id=\"5de2507\" data-element_type=\"widget\" data-widget_type=\"text-editor.default\">\n\t\t\t\t\t\t\t\t\t<p>En desarrollo de lo dispuesto en el art\u00edculo 17 de la Ley 679 de 2001, Cubikoo Travel advierte al turista que la explotaci\u00f3n y el abuso sexual de menores de edad en el pa\u00eds son sancionados penal y administrativamente, conforme a las leyes vigentes. RNT: 273746<\/p>\t\t\t\t\t\t\t\t<\/div>\n\t\t\t\t\t<\/div>\n\t\t<\/div>\n\t\t\t\t\t<\/div>\n\t\t<\/section>\n\t\t\t\t<\/div>","protected":false},"excerpt":{"rendered":"<p>Privacy Policy \u00a0This Privacy Policy describes how Cubikoo Travel (&#8220;we,&#8221; &#8220;us,&#8221; or &#8220;our&#8221;) collects, uses, and discloses your personal information when you use our website (cubikootravel.com) and the services we offer (the &#8220;Services&#8221;).\u00a0 1. Information We Collect We collect several types of information from and about users of our Website and Services:\u00a0 Personal Information: This [&hellip;]<\/p>\n","protected":false},"author":1,"featured_media":0,"parent":0,"menu_order":0,"comment_status":"closed","ping_status":"closed","template":"","meta":{"site-sidebar-layout":"no-sidebar","site-content-layout":"page-builder","ast-site-content-layout":"full-width-container","site-content-style":"unboxed","site-sidebar-style":"unboxed","ast-global-header-display":"","ast-banner-title-visibility":"","ast-main-header-display":"","ast-hfb-above-header-display":"","ast-hfb-below-header-display":"","ast-hfb-mobile-header-display":"","site-post-title":"disabled","ast-breadcrumbs-content":"","ast-featured-img":"","footer-sml-layout":"","theme-transparent-header-meta":"default","adv-header-id-meta":"","stick-header-meta":"","header-above-stick-meta":"","header-main-stick-meta":"","header-below-stick-meta":"","astra-migrate-meta-layouts":"set","ast-page-background-enabled":"default","ast-page-background-meta":{"desktop":{"background-color":"var(--ast-global-color-4)","background-image":"","background-repeat":"repeat","background-position":"center center","background-size":"auto","background-attachment":"scroll","background-type":"","background-media":"","overlay-type":"","overlay-color":"","overlay-opacity":"","overlay-gradient":""},"tablet":{"background-color":"","background-image":"","background-repeat":"repeat","background-position":"center center","background-size":"auto","background-attachment":"scroll","background-type":"","background-media":"","overlay-type":"","overlay-color":"","overlay-opacity":"","overlay-gradient":""},"mobile":{"background-color":"","background-image":"","background-repeat":"repeat","background-position":"center center","background-size":"auto","background-attachment":"scroll","background-type":"","background-media":"","overlay-type":"","overlay-color":"","overlay-opacity":"","overlay-gradient":""}},"ast-content-background-meta":{"desktop":{"background-color":"var(--ast-global-color-5)","background-image":"","background-repeat":"repeat","background-position":"center center","background-size":"auto","background-attachment":"scroll","background-type":"","background-media":"","overlay-type":"","overlay-color":"","overlay-opacity":"","overlay-gradient":""},"tablet":{"background-color":"var(--ast-global-color-5)","background-image":"","background-repeat":"repeat","background-position":"center center","background-size":"auto","background-attachment":"scroll","background-type":"","background-media":"","overlay-type":"","overlay-color":"","overlay-opacity":"","overlay-gradient":""},"mobile":{"background-color":"var(--ast-global-color-5)","background-image":"","background-repeat":"repeat","background-position":"center center","background-size":"auto","background-attachment":"scroll","background-type":"","background-media":"","overlay-type":"","overlay-color":"","overlay-opacity":"","overlay-gradient":""}},"footnotes":""},"class_list":["post-3390","page","type-page","status-publish","hentry"],"_links":{"self":[{"href":"https:\/\/cubikootravel.com\/es\/wp-json\/wp\/v2\/pages\/3390","targetHints":{"allow":["GET"]}}],"collection":[{"href":"https:\/\/cubikootravel.com\/es\/wp-json\/wp\/v2\/pages"}],"about":[{"href":"https:\/\/cubikootravel.com\/es\/wp-json\/wp\/v2\/types\/page"}],"author":[{"embeddable":true,"href":"https:\/\/cubikootravel.com\/es\/wp-json\/wp\/v2\/users\/1"}],"replies":[{"embeddable":true,"href":"https:\/\/cubikootravel.com\/es\/wp-json\/wp\/v2\/comments?post=3390"}],"version-history":[{"count":42,"href":"https:\/\/cubikootravel.com\/es\/wp-json\/wp\/v2\/pages\/3390\/revisions"}],"predecessor-version":[{"id":5004,"href":"https:\/\/cubikootravel.com\/es\/wp-json\/wp\/v2\/pages\/3390\/revisions\/5004"}],"wp:attachment":[{"href":"https:\/\/cubikootravel.com\/es\/wp-json\/wp\/v2\/media?parent=3390"}],"curies":[{"name":"wp","href":"https:\/\/api.w.org\/{rel}","templated":true}]}}