{"id":4867,"date":"2025-12-30T08:01:20","date_gmt":"2025-12-29T21:01:20","guid":{"rendered":"https:\/\/cubikootravel.com\/?page_id=4867"},"modified":"2026-03-17T09:40:20","modified_gmt":"2026-03-16T22:40:20","slug":"child-protection-policy","status":"publish","type":"page","link":"https:\/\/cubikootravel.com\/es\/child-protection-policy\/","title":{"rendered":"Prevenci\u00f3n ESCNNA"},"content":{"rendered":"<div data-elementor-type=\"wp-page\" data-elementor-id=\"4867\" class=\"elementor elementor-4867\" data-elementor-post-type=\"page\">\n\t\t\t\t\t\t<section class=\"elementor-section elementor-top-section elementor-element elementor-element-a20771e elementor-section-boxed elementor-section-height-default elementor-section-height-default\" data-id=\"a20771e\" data-element_type=\"section\">\n\t\t\t\t\t\t<div class=\"elementor-container elementor-column-gap-default\">\n\t\t\t\t\t<div class=\"elementor-column elementor-col-33 elementor-top-column elementor-element elementor-element-48ff656\" data-id=\"48ff656\" data-element_type=\"column\">\n\t\t\t<div class=\"elementor-widget-wrap\">\n\t\t\t\t\t\t\t<\/div>\n\t\t<\/div>\n\t\t\t\t<div class=\"elementor-column elementor-col-33 elementor-top-column elementor-element elementor-element-9ce352d\" data-id=\"9ce352d\" data-element_type=\"column\">\n\t\t\t<div class=\"elementor-widget-wrap elementor-element-populated\">\n\t\t\t\t\t\t<div class=\"elementor-element elementor-element-c897ccf elementor-widget elementor-widget-text-editor\" data-id=\"c897ccf\" data-element_type=\"widget\" data-widget_type=\"text-editor.default\">\n\t\t\t\t\t\t\t\t\t<h1><strong>Prevenci\u00f3n ESCNNA<\/strong><\/h1><div>\u00a0<\/div><h3>C\u00d3DIGO DE CONDUCTA PARA LA PREVENCI\u00d3N DE LA EXPLOTACI\u00d3N SEXUAL COMERCIAL DE NI\u00d1OS, NI\u00d1AS Y ADOLESCENTES (ESCNNA) EN LA ACTIVIDAD TUR\u00cdSTICA - RNT: 273746<\/h3><div><p><b data-path-to-node=\"4\" data-index-in-node=\"0\">INTRODUCCI\u00d3N Y COMPROMISO GERENCIAL<\/b><\/p><p>La empresa Cubikoo Travel, consciente de su responsabilidad social y legal en el desarrollo de una actividad tur\u00edstica sostenible y \u00e9tica en Colombia, manifiesta su rechazo total a la Explotaci\u00f3n Sexual Comercial de Ni\u00f1os, Ni\u00f1as y Adolescentes (ESCNNA) en el contexto de viajes y turismo.<\/p><p data-path-to-node=\"5\">En cumplimiento de lo dispuesto en la Ley 679 de 2001, la Ley 1336 de 2009, la Resoluci\u00f3n 3840 de 2009 y dem\u00e1s normas concordantes, adoptamos el presente C\u00f3digo de Conducta como una pol\u00edtica interna de obligatorio cumplimiento para todos nuestros empleados, colaboradores, proveedores y clientes.<\/p><p>Entendemos que la ESCNNA es un delito grave que vulnera los derechos fundamentales de los menores de edad y atenta contra la integridad del destino tur\u00edstico.<\/p><p data-path-to-node=\"5\"><b data-path-to-node=\"7\" data-index-in-node=\"0\">OBJETIVO<\/b><\/p><p>Establecer directrices claras y procedimientos de actuaci\u00f3n para prevenir, detectar y denunciar cualquier situaci\u00f3n relacionada con la ESCNNA en las actividades operadas o comercializadas por Cubikoo Travel.<\/p><p data-path-to-node=\"8\"><b data-path-to-node=\"8\" data-index-in-node=\"0\">MARCO LEGAL DE REFERENCIA<br \/><\/b><br \/>El presente c\u00f3digo se fundamenta en la siguiente normatividad colombiana vigente:<\/p><ul data-path-to-node=\"9\"><li><p data-path-to-node=\"9,0,0\"><b data-path-to-node=\"9,0,0\" data-index-in-node=\"0\">Constituci\u00f3n Pol\u00edtica de Colombia<\/b> (Art. 44: Derechos fundamentales de los ni\u00f1os).<\/p><\/li><li><p data-path-to-node=\"9,1,0\"><b data-path-to-node=\"9,1,0\" data-index-in-node=\"0\">Ley 679 de 2001<\/b> (Por medio de la cual se expide un estatuto para prevenir y contrarrestar la explotaci\u00f3n, la pornograf\u00eda y el turismo sexual con menores).<\/p><\/li><li><p data-path-to-node=\"9,2,0\"><b data-path-to-node=\"9,2,0\" data-index-in-node=\"0\">Ley 1098 de 2006<\/b> (C\u00f3digo de la Infancia y la Adolescencia).<\/p><\/li><li><p data-path-to-node=\"9,3,0\"><b data-path-to-node=\"9,3,0\" data-index-in-node=\"0\">Ley 1336 de 2009<\/b> (Adiciona y robustece la Ley 679).<\/p><\/li><li><p data-path-to-node=\"9,4,0\"><b data-path-to-node=\"9,4,0\" data-index-in-node=\"0\">Ley 1453 de 2011<\/b> (Seguridad Ciudadana).<\/p><\/li><li><p data-path-to-node=\"9,5,0\"><b data-path-to-node=\"9,5,0\" data-index-in-node=\"0\">Resoluci\u00f3n 3840 de 2009<\/b> (MinCIT - Adopci\u00f3n de los C\u00f3digos de Conducta).<\/p><\/li><\/ul><h6 data-path-to-node=\"9,5,0\"><b style=\"font-size: 1.5em; font-style: inherit;\" data-path-to-node=\"10\" data-index-in-node=\"0\">COMPROMISOS DE CUBIKOO TRAVEL<\/b><\/h6><\/div><ol start=\"1\" data-path-to-node=\"11\"><li><p data-path-to-node=\"11,0,0\"><b data-path-to-node=\"11,0,0\" data-index-in-node=\"0\">Divulgaci\u00f3n de la Advertencia Legal:<\/b> Incluir en toda nuestra publicidad, material impreso, sitio web, redes sociales, cotizaciones y contratos, la advertencia sobre las consecuencias legales de la ESCNNA en Colombia, conforme al Art\u00edculo 17 de la Ley 679 de 2001.<\/p><\/li><li><p data-path-to-node=\"11,1,0\"><b data-path-to-node=\"11,1,0\" data-index-in-node=\"0\">Capacitaci\u00f3n del Personal:<\/b> Capacitar peri\u00f3dicamente a todo nuestro talento humano (directo e indirecto) sobre la prevenci\u00f3n de la ESCNNA, las se\u00f1ales de alerta y el procedimiento de denuncia.<\/p><\/li><li><p data-path-to-node=\"11,2,0\"><b data-path-to-node=\"11,2,0\" data-index-in-node=\"0\">Selecci\u00f3n de Proveedores:<\/b> Informar a nuestros proveedores (hoteles, transportistas, gu\u00edas) sobre nuestra pol\u00edtica de cero tolerancia a la ESCNNA y exigirles el cumplimiento de la normativa vigente. Nos reservamos el derecho de terminar relaciones comerciales con proveedores que faciliten o toleren estas pr\u00e1cticas.<\/p><\/li><li><p data-path-to-node=\"11,3,0\"><b data-path-to-node=\"11,3,0\" data-index-in-node=\"0\">Informaci\u00f3n a los Clientes:<\/b> Informar a los turistas, nacionales y extranjeros, sobre la legislaci\u00f3n colombiana que protege a los menores de edad y promover un turismo responsable.<\/p><\/li><li><p data-path-to-node=\"11,4,0\"><b data-path-to-node=\"11,4,0\" data-index-in-node=\"0\">Denuncia:<\/b> Reportar inmediatamente a las autoridades competentes cualquier hecho sospechoso o confirmado relacionado con la ESCNNA que identifiquemos en el desarrollo de nuestras actividades.<\/p><\/li><\/ol><p data-path-to-node=\"12\"><b data-path-to-node=\"12\" data-index-in-node=\"0\">PROTOCOLO DE ACTUACI\u00d3N ANTE CASOS SOSPECHOSOS<\/b><\/p><p><b data-path-to-node=\"12\" data-index-in-node=\"0\"><\/b> En caso de que cualquier empleado o colaborador de Cubikoo Travel identifique una situaci\u00f3n de riesgo o presunta ESCNNA (ej: un adulto solicitando servicios para ingresar con menores de edad sin parentesco comprobable o en actitudes sospechosas a un alojamiento o tour), se proceder\u00e1 de la siguiente manera:<\/p><ol start=\"1\" data-path-to-node=\"13\"><li><p data-path-to-node=\"13,0,0\"><b data-path-to-node=\"13,0,0\" data-index-in-node=\"0\">No confrontar<\/b> directamente al presunto agresor para no ponerse en riesgo ni alertarlo.<\/p><\/li><li><p data-path-to-node=\"13,1,0\"><b data-path-to-node=\"13,1,0\" data-index-in-node=\"0\">Recopilar la mayor cantidad de informaci\u00f3n posible<\/b> de manera discreta (descripci\u00f3n f\u00edsica, placas de veh\u00edculos, lugar de los hechos, nombres si los hay).<\/p><\/li><li><p data-path-to-node=\"13,2,0\"><b data-path-to-node=\"13,2,0\" data-index-in-node=\"0\">Informar inmediatamente<\/b> al Gerente o responsable designado de la agencia.<\/p><\/li><\/ol><p data-path-to-node=\"14\">El responsable designado realizar\u00e1 la denuncia inmediata a las autoridades a trav\u00e9s de los canales oficiales:<\/p><ul data-path-to-node=\"15\"><li><p data-path-to-node=\"15,0,0\"><b data-path-to-node=\"15,0,0\" data-index-in-node=\"0\">L\u00ednea Nacional del ICBF:<\/b> 141<\/p><\/li><li><p data-path-to-node=\"15,1,0\"><b data-path-to-node=\"15,1,0\" data-index-in-node=\"0\">Polic\u00eda Nacional:<\/b> 123<\/p><\/li><li><p data-path-to-node=\"15,2,0\"><b data-path-to-node=\"15,2,0\" data-index-in-node=\"0\">Fiscal\u00eda General de la Naci\u00f3n:<\/b> 122<\/p><\/li><li><p data-path-to-node=\"15,3,0\"><b data-path-to-node=\"15,3,0\" data-index-in-node=\"0\">Polic\u00eda de Turismo local.<\/b><\/p><\/li><\/ul><h5 data-path-to-node=\"16\"><b data-path-to-node=\"16\" data-index-in-node=\"0\">VIGENCIA Y APLICACI\u00d3N<\/b><\/h5><p data-path-to-node=\"16\">Este C\u00f3digo de Conducta entra en vigencia a partir de su publicaci\u00f3n y ser\u00e1 revisado anualmente. Su incumplimiento por parte del personal de la agencia se considerar\u00e1 una falta grave.<\/p><p>Para reportar cualquier incumplimiento de este C\u00f3digo, el personal deber\u00e1 utilizar exclusivamente los canales oficiales establecidos en el sitio web de la agencia.<\/p><div>1 nov 2025.<\/div><div>Por CUBIKOO TRAVEL<\/div><div>\u00a0<\/div>\t\t\t\t\t\t\t\t<\/div>\n\t\t\t\t\t<\/div>\n\t\t<\/div>\n\t\t\t\t<div class=\"elementor-column elementor-col-33 elementor-top-column elementor-element elementor-element-4c81fc8\" data-id=\"4c81fc8\" data-element_type=\"column\">\n\t\t\t<div class=\"elementor-widget-wrap\">\n\t\t\t\t\t\t\t<\/div>\n\t\t<\/div>\n\t\t\t\t\t<\/div>\n\t\t<\/section>\n\t\t\t\t<section class=\"elementor-section elementor-top-section elementor-element elementor-element-3f84f13 elementor-section-boxed elementor-section-height-default elementor-section-height-default\" data-id=\"3f84f13\" data-element_type=\"section\" data-settings=\"{&quot;background_background&quot;:&quot;classic&quot;}\">\n\t\t\t\t\t\t<div class=\"elementor-container elementor-column-gap-default\">\n\t\t\t\t\t<div class=\"elementor-column elementor-col-20 elementor-top-column elementor-element elementor-element-cc5dc95\" data-id=\"cc5dc95\" data-element_type=\"column\">\n\t\t\t<div class=\"elementor-widget-wrap\">\n\t\t\t\t\t\t\t<\/div>\n\t\t<\/div>\n\t\t\t\t<div class=\"elementor-column elementor-col-20 elementor-top-column elementor-element elementor-element-de308e5\" data-id=\"de308e5\" data-element_type=\"column\">\n\t\t\t<div class=\"elementor-widget-wrap elementor-element-populated\">\n\t\t\t\t\t\t<div class=\"elementor-element elementor-element-1edad01 elementor-widget elementor-widget-image\" data-id=\"1edad01\" data-element_type=\"widget\" data-widget_type=\"image.default\">\n\t\t\t\t\t\t\t\t\t\t\t\t\t\t\t<img loading=\"lazy\" decoding=\"async\" width=\"80\" height=\"80\" src=\"https:\/\/cubikootravel.com\/wp-content\/uploads\/2025\/10\/icon-mobile.png\" class=\"attachment-large size-large wp-image-4625\" alt=\"\" srcset=\"https:\/\/cubikootravel.com\/wp-content\/uploads\/2025\/10\/icon-mobile.png 80w, https:\/\/cubikootravel.com\/wp-content\/uploads\/2025\/10\/icon-mobile-12x12.png 12w\" sizes=\"auto, (max-width: 80px) 100vw, 80px\" \/>\t\t\t\t\t\t\t\t\t\t\t\t\t\t\t<\/div>\n\t\t\t\t\t<\/div>\n\t\t<\/div>\n\t\t\t\t<div class=\"elementor-column elementor-col-20 elementor-top-column elementor-element elementor-element-9530e73\" data-id=\"9530e73\" data-element_type=\"column\">\n\t\t\t<div class=\"elementor-widget-wrap elementor-element-populated\">\n\t\t\t\t\t\t<div class=\"elementor-element elementor-element-2ff9f9f elementor-widget elementor-widget-text-editor\" data-id=\"2ff9f9f\" data-element_type=\"widget\" data-widget_type=\"text-editor.default\">\n\t\t\t\t\t\t\t\t\t<p>Australia: +61 434 634 172<br \/>Colombia: +57 300 7084545<\/p>\t\t\t\t\t\t\t\t<\/div>\n\t\t\t\t<div class=\"elementor-element elementor-element-1e80d54 elementor-shape-circle e-grid-align-left elementor-grid-0 elementor-widget elementor-widget-social-icons\" data-id=\"1e80d54\" data-element_type=\"widget\" data-widget_type=\"social-icons.default\">\n\t\t\t\t\t\t\t<div class=\"elementor-social-icons-wrapper elementor-grid\" role=\"list\">\n\t\t\t\t\t\t\t<span class=\"elementor-grid-item\" role=\"listitem\">\n\t\t\t\t\t<a class=\"elementor-icon elementor-social-icon elementor-social-icon-WhatsApp elementor-repeater-item-0869b4b\" href=\"https:\/\/wa.me\/61434634172\" target=\"_blank\">\n\t\t\t\t\t\t<span class=\"elementor-screen-only\">WhatsApp<\/span>\n\t\t\t\t\t\t<svg xmlns:xodm=\"http:\/\/www.corel.com\/coreldraw\/odm\/2003\" xmlns=\"http:\/\/www.w3.org\/2000\/svg\" xmlns:xlink=\"http:\/\/www.w3.org\/1999\/xlink\" id=\"Capa_1\" x=\"0px\" y=\"0px\" viewbox=\"0 0 920 920\" style=\"enable-background:new 0 0 920 920;\" xml:space=\"preserve\"><style type=\"text\/css\">\t.st0{fill-rule:evenodd;clip-rule:evenodd;fill:#FFFFFF;}<\/style><g>\t<path class=\"st0\" d=\"M484.5,224.4c-113.6,0-207.3,86.3-218,196.3c-0.7,7-1.1,14-1.1,21.1c0,47.6,15.5,91.6,41.7,127.5l-27.3,80.8   l84.2-26.8c34.7,22.8,76,36,120.5,36c120.8,0,219.1-97.5,219.1-217.4c0-5.7-0.2-11.3-0.7-17C694.2,312.8,599.6,224.4,484.5,224.4z    M631.1,559.6c-6.3,18.2-37.6,35.6-51.6,36.8c-14,1.3-14,11.6-92-19.2c-77.8-31.1-127-111.9-130.8-116.9   c-2.9-3.9-19.6-26.4-27.4-53.6c-2.3-8.5-4-17.4-4-26.4c0-38.1,19.7-56.9,26.8-64.7c7-7.7,15.4-9.7,20.5-9.7c4,0,8,0.4,11.6,0.6   c2-0.5,3.8-0.6,5.3-0.6c4.8,0,9.6,0.7,13.7,0.7c4.2,0,10.3-2.5,16.2,11.8c6,14.2,20.4,49.3,22.2,52.8c1.8,3.6,3,7.7,0.5,12.5   c-1.6,3.4-2.9,5.9-4.5,8.5c-0.8,1.1-1.6,2.2-2.6,3.4c-3.7,4.1-7.5,9.2-10.8,12.5c-3.6,3.6-7.3,7.4-3.1,14.5   c4.1,7.1,18.6,30.4,39.8,49.2c27.4,24.4,50.5,31.8,57.6,35.3c7.3,3.6,11.4,3,15.6-1.8c4.1-4.7,17.9-20.7,22.7-27.8   c4.8-7.1,9.6-6,16.2-3.6c6.6,2.3,41.8,19.6,49,23.1c7.1,3.6,11.9,5.3,13.7,8.2c1.2,2,1.6,8.7,0,17.8   C637.5,526.7,637.4,541.9,631.1,559.6z\"><\/path>\t<path class=\"st0\" d=\"M460,10C211.5,10,10,211.5,10,460s201.5,450,450,450s450-201.5,450-450S708.5,10,460,10z M487.9,728.7   c-51.2,0-99.4-13.1-141.3-36.1l-162,51.5l52.7-155.7c-26.6-43.8-41.9-95-41.9-149.9c0-4.2,0.1-8.5,0.3-12.7   c6.8-154.4,135-277.5,292.2-277.5c159.1,0,288.3,126,292.3,282.9c0.1,2.5,0.1,4.9,0.1,7.4C780.4,598.8,649.5,728.7,487.9,728.7z\"><\/path><\/g><\/svg>\t\t\t\t\t<\/a>\n\t\t\t\t<\/span>\n\t\t\t\t\t\t\t<span class=\"elementor-grid-item\" role=\"listitem\">\n\t\t\t\t\t<a class=\"elementor-icon elementor-social-icon elementor-social-icon-Instagram elementor-repeater-item-f98594f\" href=\"https:\/\/www.instagram.com\/cubikoo.travel\" target=\"_blank\">\n\t\t\t\t\t\t<span class=\"elementor-screen-only\">Instagram<\/span>\n\t\t\t\t\t\t<svg xmlns:xodm=\"http:\/\/www.corel.com\/coreldraw\/odm\/2003\" xmlns=\"http:\/\/www.w3.org\/2000\/svg\" xmlns:xlink=\"http:\/\/www.w3.org\/1999\/xlink\" id=\"Capa_1\" x=\"0px\" y=\"0px\" viewbox=\"0 0 920 920\" style=\"enable-background:new 0 0 920 920;\" xml:space=\"preserve\"><style type=\"text\/css\">\t.st0{fill:#FFFFFF;}<\/style><g>\t<path class=\"st0\" d=\"M670.7,300.6c-4.9-12.6-10.8-21.6-20.2-31.1c-9.5-9.5-18.5-15.3-31.1-20.2c-9.5-3.7-23.8-8.1-50.2-9.3   c-28.5-1.3-37.1-1.6-109.2-1.6c-72.2,0-80.7,0.3-109.2,1.6c-26.4,1.2-40.7,5.6-50.2,9.3c-12.6,4.9-21.6,10.8-31.1,20.2   c-9.5,9.5-15.3,18.5-20.2,31.1c-3.7,9.5-8.1,23.8-9.3,50.2c-1.3,28.5-1.6,37-1.6,109.2c0,72.2,0.3,80.7,1.6,109.2   c1.2,26.4,5.6,40.7,9.3,50.2c4.9,12.6,10.8,21.6,20.2,31.1c9.5,9.5,18.5,15.3,31.1,20.2c9.5,3.7,23.8,8.1,50.2,9.3   c28.5,1.3,37,1.6,109.2,1.6c72.2,0,80.7-0.3,109.2-1.6c26.3-1.2,40.7-5.6,50.2-9.3c12.6-4.9,21.6-10.8,31.1-20.2   c9.5-9.5,15.3-18.5,20.2-31.1c3.7-9.5,8.1-23.8,9.3-50.2c1.3-28.5,1.6-37.1,1.6-109.2c0-72.2-0.3-80.7-1.6-109.2   C678.8,324.4,674.4,310.1,670.7,300.6z M446.5,634.4c-79.2,0-143.4-64.2-143.4-143.4c0-79.2,64.2-143.4,143.4-143.4   c79.2,0,143.4,64.2,143.4,143.4C589.9,570.2,525.7,634.4,446.5,634.4z M589.2,359.2c-24.2,0-43.9-19.7-43.9-43.9   c0-24.2,19.6-43.9,43.9-43.9c24.2,0,43.9,19.6,43.9,43.9C633,339.5,613.4,359.2,589.2,359.2z\"><\/path>\t<path class=\"st0\" d=\"M460,10C211.5,10,10,211.5,10,460s201.5,450,450,450s450-201.5,450-450S708.5,10,460,10z M761.7,585.2   c-1.5,32.3-6.6,54.4-14.1,73.7c-7.8,20-18.1,36.9-35,53.8c-16.9,16.9-33.8,27.3-53.8,35c-19.3,7.5-41.4,12.6-73.7,14.1   c-32.4,1.5-42.7,1.8-125.2,1.8c-82.4,0-92.8-0.4-125.2-1.8c-32.3-1.5-54.4-6.6-73.7-14.1c-20-7.8-36.9-18.1-53.8-35   c-16.9-16.9-27.3-33.8-35-53.8c-7.5-19.3-12.6-41.4-14.1-73.7c-1.5-32.4-1.8-42.7-1.8-125.2c0-82.4,0.4-92.8,1.8-125.2   c1.5-32.3,6.6-54.4,14.1-73.7c7.7-20,18.1-36.9,35-53.8c16.9-16.9,33.8-27.3,53.8-35c19.3-7.5,41.4-12.6,73.7-14.1   c32.4-1.5,42.7-1.8,125.2-1.8c82.5,0,92.8,0.3,125.2,1.8c32.3,1.5,54.4,6.6,73.7,14.1c20,7.8,36.9,18.1,53.8,35   c16.9,16.9,27.2,33.8,35,53.8c7.5,19.3,12.6,41.4,14.1,73.7c1.5,32.4,1.8,42.7,1.8,125.2C763.6,542.4,763.2,552.8,761.7,585.2z\"><\/path>\t<path class=\"st0\" d=\"M446.5,415.9c-41.5,0-75.1,33.6-75.1,75.1c0,41.5,33.6,75.1,75.1,75.1c41.5,0,75.1-33.6,75.1-75.1   C521.6,449.6,488,415.9,446.5,415.9z\"><\/path><\/g><\/svg>\t\t\t\t\t<\/a>\n\t\t\t\t<\/span>\n\t\t\t\t\t\t\t<span class=\"elementor-grid-item\" role=\"listitem\">\n\t\t\t\t\t<a class=\"elementor-icon elementor-social-icon elementor-social-icon-facebook elementor-repeater-item-edecefc\" href=\"https:\/\/www.facebook.com\/profile.php?id=100093379083429&#038;mibextid=ZbWKwL\" target=\"_blank\">\n\t\t\t\t\t\t<span class=\"elementor-screen-only\">https:\/\/www.facebook.com\/profile.php?id=100093379083429&amp;mibextid=ZbWKwL<\/span>\n\t\t\t\t\t\t<i aria-hidden=\"true\" class=\"fab fa-facebook\"><\/i>\t\t\t\t\t<\/a>\n\t\t\t\t<\/span>\n\t\t\t\t\t\t\t<span class=\"elementor-grid-item\" role=\"listitem\">\n\t\t\t\t\t<a class=\"elementor-icon elementor-social-icon elementor-social-icon-facebook-messenger elementor-repeater-item-fdf7f57\" href=\"https:\/\/m.me\/101218969667450\" target=\"_blank\">\n\t\t\t\t\t\t<span class=\"elementor-screen-only\">https:\/\/m.me\/101218969667450<\/span>\n\t\t\t\t\t\t<i aria-hidden=\"true\" class=\"fab fa-facebook-messenger\"><\/i>\t\t\t\t\t<\/a>\n\t\t\t\t<\/span>\n\t\t\t\t\t<\/div>\n\t\t\t\t\t\t<\/div>\n\t\t\t\t\t<\/div>\n\t\t<\/div>\n\t\t\t\t<div class=\"elementor-column elementor-col-20 elementor-top-column elementor-element elementor-element-47d204e\" data-id=\"47d204e\" data-element_type=\"column\">\n\t\t\t<div class=\"elementor-widget-wrap elementor-element-populated\">\n\t\t\t\t\t\t<div class=\"elementor-element elementor-element-33c25cd elementor-widget elementor-widget-text-editor\" data-id=\"33c25cd\" data-element_type=\"widget\" data-widget_type=\"text-editor.default\">\n\t\t\t\t\t\t\t\t\t<p><a href=\"https:\/\/cubikootravel.com\/es\/#blog\">Blog<\/a><br \/><a href=\"https:\/\/cubikootravel.com\/es\/#services\">Servicios<\/a><br \/><a href=\"https:\/\/cubikootravel.com\/es\/get-in-touch\/\" target=\"_blank\" rel=\"noopener\">Cont\u00e1ctanos<\/a><\/p>\t\t\t\t\t\t\t\t<\/div>\n\t\t\t\t\t<\/div>\n\t\t<\/div>\n\t\t\t\t<div class=\"elementor-column elementor-col-20 elementor-top-column elementor-element elementor-element-a242f7a\" data-id=\"a242f7a\" data-element_type=\"column\">\n\t\t\t<div class=\"elementor-widget-wrap elementor-element-populated\">\n\t\t\t\t\t\t<div class=\"elementor-element elementor-element-23656d6 elementor-widget elementor-widget-text-editor\" data-id=\"23656d6\" data-element_type=\"widget\" data-widget_type=\"text-editor.default\">\n\t\t\t\t\t\t\t\t\t<p><a href=\"https:\/\/cubikootravel.com\/es\/privacy-policy\/\" target=\"_blank\" rel=\"noopener\">Pol\u00edtica de Privacidad<\/a><br \/><a href=\"https:\/\/cubikootravel.com\/es\/terms-conditions\/\" target=\"_blank\" rel=\"noopener\">T\u00e9rminos y Condiciones<\/a><br \/><a href=\"https:\/\/cubikootravel.com\/es\/child-protection-policy\/\" target=\"_blank\" rel=\"noopener\">Prevenci\u00f3n ESCNNA<\/a><\/p>\t\t\t\t\t\t\t\t<\/div>\n\t\t\t\t\t<\/div>\n\t\t<\/div>\n\t\t\t\t\t<\/div>\n\t\t<\/section>\n\t\t\t\t<section class=\"elementor-section elementor-top-section elementor-element elementor-element-7a67a73 elementor-section-boxed elementor-section-height-default elementor-section-height-default\" data-id=\"7a67a73\" data-element_type=\"section\" data-settings=\"{&quot;background_background&quot;:&quot;classic&quot;}\">\n\t\t\t\t\t\t<div class=\"elementor-container elementor-column-gap-default\">\n\t\t\t\t\t<div class=\"elementor-column elementor-col-100 elementor-top-column elementor-element elementor-element-249bdd3\" data-id=\"249bdd3\" data-element_type=\"column\">\n\t\t\t<div class=\"elementor-widget-wrap elementor-element-populated\">\n\t\t\t\t\t\t<div class=\"elementor-element elementor-element-69e37c6 elementor-widget__width-initial elementor-widget elementor-widget-text-editor\" data-id=\"69e37c6\" data-element_type=\"widget\" data-widget_type=\"text-editor.default\">\n\t\t\t\t\t\t\t\t\t<p>En desarrollo de lo dispuesto en el art\u00edculo 17 de la Ley 679 de 2001, Cubikoo Travel advierte al turista que la explotaci\u00f3n y el abuso sexual de menores de edad en el pa\u00eds son sancionados penal y administrativamente, conforme a las leyes vigentes. RNT: 273746<\/p>\t\t\t\t\t\t\t\t<\/div>\n\t\t\t\t\t<\/div>\n\t\t<\/div>\n\t\t\t\t\t<\/div>\n\t\t<\/section>\n\t\t\t\t<\/div>","protected":false},"excerpt":{"rendered":"<p>Child Privacy Policy \u00a0 CODE OF CONDUCT FOR THE PREVENTION OF COMMERCIAL SEXUAL EXPLOITATION OF CHILDREN AND ADOLESCENTS (CSEC) IN TOURISM &#8211; RNT: 273746 INTRODUCTION AND MANAGEMENT COMMITMENT The company Cubikoo Travel, aware of its social and legal responsibility in the development of sustainable and ethical tourism in Colombia, expresses its total rejection of the [&hellip;]<\/p>\n","protected":false},"author":1,"featured_media":0,"parent":0,"menu_order":0,"comment_status":"closed","ping_status":"closed","template":"","meta":{"site-sidebar-layout":"no-sidebar","site-content-layout":"page-builder","ast-site-content-layout":"full-width-container","site-content-style":"unboxed","site-sidebar-style":"unboxed","ast-global-header-display":"","ast-banner-title-visibility":"","ast-main-header-display":"","ast-hfb-above-header-display":"","ast-hfb-below-header-display":"","ast-hfb-mobile-header-display":"","site-post-title":"disabled","ast-breadcrumbs-content":"","ast-featured-img":"","footer-sml-layout":"","theme-transparent-header-meta":"default","adv-header-id-meta":"","stick-header-meta":"","header-above-stick-meta":"","header-main-stick-meta":"","header-below-stick-meta":"","astra-migrate-meta-layouts":"set","ast-page-background-enabled":"default","ast-page-background-meta":{"desktop":{"background-color":"var(--ast-global-color-4)","background-image":"","background-repeat":"repeat","background-position":"center center","background-size":"auto","background-attachment":"scroll","background-type":"","background-media":"","overlay-type":"","overlay-color":"","overlay-opacity":"","overlay-gradient":""},"tablet":{"background-color":"","background-image":"","background-repeat":"repeat","background-position":"center center","background-size":"auto","background-attachment":"scroll","background-type":"","background-media":"","overlay-type":"","overlay-color":"","overlay-opacity":"","overlay-gradient":""},"mobile":{"background-color":"","background-image":"","background-repeat":"repeat","background-position":"center center","background-size":"auto","background-attachment":"scroll","background-type":"","background-media":"","overlay-type":"","overlay-color":"","overlay-opacity":"","overlay-gradient":""}},"ast-content-background-meta":{"desktop":{"background-color":"var(--ast-global-color-5)","background-image":"","background-repeat":"repeat","background-position":"center center","background-size":"auto","background-attachment":"scroll","background-type":"","background-media":"","overlay-type":"","overlay-color":"","overlay-opacity":"","overlay-gradient":""},"tablet":{"background-color":"var(--ast-global-color-5)","background-image":"","background-repeat":"repeat","background-position":"center center","background-size":"auto","background-attachment":"scroll","background-type":"","background-media":"","overlay-type":"","overlay-color":"","overlay-opacity":"","overlay-gradient":""},"mobile":{"background-color":"var(--ast-global-color-5)","background-image":"","background-repeat":"repeat","background-position":"center center","background-size":"auto","background-attachment":"scroll","background-type":"","background-media":"","overlay-type":"","overlay-color":"","overlay-opacity":"","overlay-gradient":""}},"footnotes":""},"class_list":["post-4867","page","type-page","status-publish","hentry"],"_links":{"self":[{"href":"https:\/\/cubikootravel.com\/es\/wp-json\/wp\/v2\/pages\/4867","targetHints":{"allow":["GET"]}}],"collection":[{"href":"https:\/\/cubikootravel.com\/es\/wp-json\/wp\/v2\/pages"}],"about":[{"href":"https:\/\/cubikootravel.com\/es\/wp-json\/wp\/v2\/types\/page"}],"author":[{"embeddable":true,"href":"https:\/\/cubikootravel.com\/es\/wp-json\/wp\/v2\/users\/1"}],"replies":[{"embeddable":true,"href":"https:\/\/cubikootravel.com\/es\/wp-json\/wp\/v2\/comments?post=4867"}],"version-history":[{"count":47,"href":"https:\/\/cubikootravel.com\/es\/wp-json\/wp\/v2\/pages\/4867\/revisions"}],"predecessor-version":[{"id":4989,"href":"https:\/\/cubikootravel.com\/es\/wp-json\/wp\/v2\/pages\/4867\/revisions\/4989"}],"wp:attachment":[{"href":"https:\/\/cubikootravel.com\/es\/wp-json\/wp\/v2\/media?parent=4867"}],"curies":[{"name":"wp","href":"https:\/\/api.w.org\/{rel}","templated":true}]}}